{"id":33,"date":"2025-10-20T11:33:44","date_gmt":"2025-10-20T11:33:44","guid":{"rendered":"https:\/\/newlifeskin.ch\/?page_id=33"},"modified":"2025-10-22T16:37:22","modified_gmt":"2025-10-22T16:37:22","slug":"detatouage","status":"publish","type":"page","link":"https:\/\/newlifeskin.ch\/de\/page-daccueil\/detatouage\/","title":{"rendered":"Tattooentfernung"},"content":{"rendered":"<div data-elementor-type=\"wp-page\" data-elementor-id=\"33\" class=\"elementor elementor-33\" data-elementor-post-type=\"page\">\n\t\t\t\t<div class=\"elementor-element elementor-element-be100e2 e-flex e-con-boxed e-con e-parent\" data-id=\"be100e2\" data-element_type=\"container\" data-e-type=\"container\">\n\t\t\t\t\t<div class=\"e-con-inner\">\n\t\t<div class=\"elementor-element elementor-element-b77592d e-con-full e-flex e-con e-child\" data-id=\"b77592d\" data-element_type=\"container\" data-e-type=\"container\">\n\t\t<div class=\"elementor-element elementor-element-2509b85 e-con-full e-flex e-con e-child\" data-id=\"2509b85\" data-element_type=\"container\" data-e-type=\"container\">\n\t\t\t\t<div class=\"elementor-element elementor-element-b14be04 elementor-widget elementor-widget-heading\" data-id=\"b14be04\" data-element_type=\"widget\" data-e-type=\"widget\" data-widget_type=\"heading.default\">\n\t\t\t\t\t<h2 class=\"elementor-heading-title elementor-size-default\">Tattooentfernung<\/h2>\t\t\t\t<\/div>\n\t\t\t\t<div class=\"elementor-element elementor-element-05ab092 elementor-widget-divider--view-line elementor-widget elementor-widget-divider\" data-id=\"05ab092\" data-element_type=\"widget\" data-e-type=\"widget\" data-widget_type=\"divider.default\">\n\t\t\t\t\t\t\t<div class=\"elementor-divider\">\n\t\t\t<span class=\"elementor-divider-separator\">\n\t\t\t\t\t\t<\/span>\n\t\t<\/div>\n\t\t\t\t\t\t<\/div>\n\t\t\t\t<\/div>\n\t\t<div class=\"elementor-element elementor-element-583ecfd e-con-full e-flex e-con e-child\" data-id=\"583ecfd\" data-element_type=\"container\" data-e-type=\"container\" data-settings=\"{&quot;background_background&quot;:&quot;classic&quot;}\">\n\t\t\t\t<\/div>\n\t\t\t\t<\/div>\n\t\t\t\t<div class=\"elementor-element elementor-element-9f6f5f8 elementor-widget elementor-widget-spacer\" data-id=\"9f6f5f8\" data-element_type=\"widget\" data-e-type=\"widget\" data-widget_type=\"spacer.default\">\n\t\t\t\t\t\t\t<div class=\"elementor-spacer\">\n\t\t\t<div class=\"elementor-spacer-inner\"><\/div>\n\t\t<\/div>\n\t\t\t\t\t\t<\/div>\n\t\t<div class=\"elementor-element elementor-element-0ce7279 e-con-full e-flex e-con e-child\" data-id=\"0ce7279\" data-element_type=\"container\" data-e-type=\"container\">\n\t\t<div class=\"elementor-element elementor-element-44ad83a e-con-full e-flex e-con e-child\" data-id=\"44ad83a\" data-element_type=\"container\" data-e-type=\"container\">\n\t\t\t\t<div class=\"elementor-element elementor-element-c247d51 elementor-widget elementor-widget-heading\" data-id=\"c247d51\" data-element_type=\"widget\" data-e-type=\"widget\" data-widget_type=\"heading.default\">\n\t\t\t\t\t<h2 class=\"elementor-heading-title elementor-size-default\">Haben Sie ein Tattoo, das nicht mehr zu Ihnen passt?<\/h2>\t\t\t\t<\/div>\n\t\t\t\t<div class=\"elementor-element elementor-element-6044b7c elementor-widget-divider--view-line elementor-widget elementor-widget-divider\" data-id=\"6044b7c\" data-element_type=\"widget\" data-e-type=\"widget\" data-widget_type=\"divider.default\">\n\t\t\t\t\t\t\t<div class=\"elementor-divider\">\n\t\t\t<span class=\"elementor-divider-separator\">\n\t\t\t\t\t\t<\/span>\n\t\t<\/div>\n\t\t\t\t\t\t<\/div>\n\t\t\t\t<div class=\"elementor-element elementor-element-b2b5622 elementor-widget elementor-widget-spacer\" data-id=\"b2b5622\" data-element_type=\"widget\" data-e-type=\"widget\" data-widget_type=\"spacer.default\">\n\t\t\t\t\t\t\t<div class=\"elementor-spacer\">\n\t\t\t<div class=\"elementor-spacer-inner\"><\/div>\n\t\t<\/div>\n\t\t\t\t\t\t<\/div>\n\t\t\t\t<div class=\"elementor-element elementor-element-4d004d3 elementor-widget elementor-widget-text-editor\" data-id=\"4d004d3\" data-element_type=\"widget\" data-e-type=\"widget\" data-widget_type=\"text-editor.default\">\n\t\t\t\t\t\t\t\t\t<p>Die Laser-Tattooentfernung ist heute die sicherste und effektivste L\u00f6sung, um wieder eine klare und nat\u00fcrliche Haut zu erhalten.<br \/>\u00a0ch verwende einen Laser (Renpico CXL) der neuesten Generation. In Kombination mit einem K\u00fchlsystem sch\u00fctzt und k\u00fchlt er die Haut w\u00e4hrend der gesamten Behandlung. Ergebnis: bis zu 50 % weniger Schmerzen f\u00fcr eine angenehmere Behandlung. Die Sitzungen sind schnell, schrittweise und werden an die Gr\u00f6\u00dfe, Farbe und das Alter Ihres Tattoos angepasst.<\/p><p>Die Anzahl der erforderlichen Sitzungen variiert je nach mehreren Faktoren: dem Alter und den Farben des Tattoos, der Tiefe sowie der Art der Tinte. In der Regel sind zwischen 6 und 10 Sitzungen erforderlich, um ein zufriedenstellendes Ergebnis zu erzielen.<\/p>\t\t\t\t\t\t\t\t<\/div>\n\t\t\t\t<\/div>\n\t\t\t\t<\/div>\n\t\t\t\t<div class=\"elementor-element elementor-element-cdec4aa elementor-widget elementor-widget-spacer\" data-id=\"cdec4aa\" data-element_type=\"widget\" data-e-type=\"widget\" data-widget_type=\"spacer.default\">\n\t\t\t\t\t\t\t<div class=\"elementor-spacer\">\n\t\t\t<div class=\"elementor-spacer-inner\"><\/div>\n\t\t<\/div>\n\t\t\t\t\t\t<\/div>\n\t\t<div class=\"elementor-element elementor-element-30304fd e-con-full e-flex e-con e-child\" data-id=\"30304fd\" data-element_type=\"container\" data-e-type=\"container\">\n\t\t<div class=\"elementor-element elementor-element-88f5e0e e-con-full e-flex e-con e-child\" data-id=\"88f5e0e\" data-element_type=\"container\" data-e-type=\"container\">\n\t\t\t\t<div class=\"elementor-element elementor-element-2182313 elementor-widget elementor-widget-heading\" data-id=\"2182313\" data-element_type=\"widget\" data-e-type=\"widget\" data-widget_type=\"heading.default\">\n\t\t\t\t\t<h2 class=\"elementor-heading-title elementor-size-default\">Online-Buchung<\/h2>\t\t\t\t<\/div>\n\t\t\t\t<div class=\"elementor-element elementor-element-faa340a elementor-widget-divider--view-line elementor-widget elementor-widget-divider\" data-id=\"faa340a\" data-element_type=\"widget\" data-e-type=\"widget\" data-widget_type=\"divider.default\">\n\t\t\t\t\t\t\t<div class=\"elementor-divider\">\n\t\t\t<span class=\"elementor-divider-separator\">\n\t\t\t\t\t\t<\/span>\n\t\t<\/div>\n\t\t\t\t\t\t<\/div>\n\t\t\t\t<div class=\"elementor-element elementor-element-6f9dfd6 elementor-widget elementor-widget-spacer\" data-id=\"6f9dfd6\" data-element_type=\"widget\" data-e-type=\"widget\" data-widget_type=\"spacer.default\">\n\t\t\t\t\t\t\t<div class=\"elementor-spacer\">\n\t\t\t<div class=\"elementor-spacer-inner\"><\/div>\n\t\t<\/div>\n\t\t\t\t\t\t<\/div>\n\t\t\t\t<div class=\"elementor-element elementor-element-e04a7ee elementor-widget elementor-widget-button\" data-id=\"e04a7ee\" data-element_type=\"widget\" data-e-type=\"widget\" data-widget_type=\"button.default\">\n\t\t\t\t\t\t\t\t\t\t<a class=\"elementor-button elementor-button-link elementor-size-sm\" href=\"https:\/\/www.fresha.com\/fr\/book-now\/new-life-skin-qkz2ho5w\/all-offer?share=true&#038;pId=2686442\" target=\"_blank\">\n\t\t\t\t\t\t<span class=\"elementor-button-content-wrapper\">\n\t\t\t\t\t\t\t\t\t<span class=\"elementor-button-text\">Termin vereinbaren<\/span>\n\t\t\t\t\t<\/span>\n\t\t\t\t\t<\/a>\n\t\t\t\t\t\t\t\t<\/div>\n\t\t\t\t<div class=\"elementor-element elementor-element-3c2bf76 elementor-widget elementor-widget-spacer\" data-id=\"3c2bf76\" data-element_type=\"widget\" data-e-type=\"widget\" data-widget_type=\"spacer.default\">\n\t\t\t\t\t\t\t<div class=\"elementor-spacer\">\n\t\t\t<div class=\"elementor-spacer-inner\"><\/div>\n\t\t<\/div>\n\t\t\t\t\t\t<\/div>\n\t\t\t\t<div class=\"elementor-element elementor-element-65fe8f7 elementor-widget elementor-widget-text-editor\" data-id=\"65fe8f7\" data-element_type=\"widget\" data-e-type=\"widget\" data-widget_type=\"text-editor.default\">\n\t\t\t\t\t\t\t\t\t<p>Die erste Beratung ist <strong>KOSTENLOS UND VERPFLICHTEND<\/strong>. Dieses Gespr\u00e4ch erm\u00f6glicht es mir, Ihnen alle notwendigen Informationen f\u00fcr einen reibungslosen Ablauf der Behandlung zu geben, Ihren Hautphototyp genau zu bestimmen und Ihnen ein individuelles Angebot zu erstellen, um eine angepasste, effektive und sichere Betreuung zu gew\u00e4hrleisten.<\/p>\t\t\t\t\t\t\t\t<\/div>\n\t\t\t\t<\/div>\n\t\t\t\t<\/div>\n\t\t\t\t\t<\/div>\n\t\t\t\t<\/div>\n\t\t\t\t<\/div>","protected":false},"excerpt":{"rendered":"<p>Vous avez un tatouage qui ne vous correspond plus ? Le d\u00e9tatouage au laser est aujourd\u2019hui la solution la plus s\u00fbre et la plus efficace pour retrouver une peau nette et naturelle.\u00a0J\u2019utilise un\u00a0laser\u00a0(Renpico CXL) de la derni\u00e8re g\u00e9n\u00e9ration.\u00a0Associ\u00e9 \u00e0 un syst\u00e8me de refroidissement, il prot\u00e8ge et rafra\u00eechit la peau tout au long de la s\u00e9ance. [&hellip;]<\/p>\n","protected":false},"author":1,"featured_media":161,"parent":2,"menu_order":0,"comment_status":"closed","ping_status":"closed","template":"elementor_header_footer","meta":{"footnotes":""},"class_list":["post-33","page","type-page","status-publish","has-post-thumbnail","hentry"],"yoast_head":"<!-- This site is optimized with the Yoast SEO plugin v27.3 - https:\/\/yoast.com\/product\/yoast-seo-wordpress\/ -->\n<title>D\u00e9tatouage au laser \u2013 Retrouver une peau naturelle<\/title>\n<meta name=\"description\" content=\"Effacez vos tatouages en douceur avec le laser Renpico CXL. Moins de douleur, plus d\u2019efficacit\u00e9, pour une peau nette et naturelle.\" \/>\n<meta name=\"robots\" content=\"index, follow, max-snippet:-1, max-image-preview:large, max-video-preview:-1\" \/>\n<link rel=\"canonical\" href=\"https:\/\/newlifeskin.ch\/de\/page-daccueil\/detatouage\/\" \/>\n<meta property=\"og:locale\" content=\"de_DE\" \/>\n<meta property=\"og:type\" content=\"article\" \/>\n<meta property=\"og:title\" content=\"D\u00e9tatouage au laser \u2013 Retrouver une peau naturelle\" \/>\n<meta property=\"og:description\" content=\"Effacez vos tatouages en douceur avec le laser Renpico CXL. Moins de douleur, plus d\u2019efficacit\u00e9, pour une peau nette et naturelle.\" \/>\n<meta property=\"og:url\" content=\"https:\/\/newlifeskin.ch\/de\/page-daccueil\/detatouage\/\" \/>\n<meta property=\"og:site_name\" content=\"New life skin\" \/>\n<meta property=\"article:modified_time\" content=\"2025-10-22T16:37:22+00:00\" \/>\n<meta property=\"og:image\" content=\"https:\/\/newlifeskin.ch\/wp-content\/uploads\/2025\/10\/Design-sans-titre.jpg\" \/>\n\t<meta property=\"og:image:width\" content=\"1920\" \/>\n\t<meta property=\"og:image:height\" content=\"1080\" \/>\n\t<meta property=\"og:image:type\" content=\"image\/jpeg\" \/>\n<meta name=\"twitter:card\" content=\"summary_large_image\" \/>\n<meta name=\"twitter:label1\" content=\"Est. reading time\" \/>\n\t<meta name=\"twitter:data1\" content=\"2\u00a0Minuten\" \/>\n<script type=\"application\/ld+json\" class=\"yoast-schema-graph\">{\"@context\":\"https:\\\/\\\/schema.org\",\"@graph\":[{\"@type\":\"WebPage\",\"@id\":\"https:\\\/\\\/newlifeskin.ch\\\/page-daccueil\\\/detatouage\\\/\",\"url\":\"https:\\\/\\\/newlifeskin.ch\\\/page-daccueil\\\/detatouage\\\/\",\"name\":\"D\u00e9tatouage au laser \u2013 Retrouver une peau naturelle\",\"isPartOf\":{\"@id\":\"https:\\\/\\\/newlifeskin.ch\\\/#website\"},\"primaryImageOfPage\":{\"@id\":\"https:\\\/\\\/newlifeskin.ch\\\/page-daccueil\\\/detatouage\\\/#primaryimage\"},\"image\":{\"@id\":\"https:\\\/\\\/newlifeskin.ch\\\/page-daccueil\\\/detatouage\\\/#primaryimage\"},\"thumbnailUrl\":\"https:\\\/\\\/newlifeskin.ch\\\/wp-content\\\/uploads\\\/2025\\\/10\\\/Design-sans-titre.jpg\",\"datePublished\":\"2025-10-20T11:33:44+00:00\",\"dateModified\":\"2025-10-22T16:37:22+00:00\",\"description\":\"Effacez vos tatouages en douceur avec le laser Renpico CXL. Moins de douleur, plus d\u2019efficacit\u00e9, pour une peau nette et naturelle.\",\"breadcrumb\":{\"@id\":\"https:\\\/\\\/newlifeskin.ch\\\/page-daccueil\\\/detatouage\\\/#breadcrumb\"},\"inLanguage\":\"de-CH\",\"potentialAction\":[{\"@type\":\"ReadAction\",\"target\":[\"https:\\\/\\\/newlifeskin.ch\\\/page-daccueil\\\/detatouage\\\/\"]}]},{\"@type\":\"ImageObject\",\"inLanguage\":\"de-CH\",\"@id\":\"https:\\\/\\\/newlifeskin.ch\\\/page-daccueil\\\/detatouage\\\/#primaryimage\",\"url\":\"https:\\\/\\\/newlifeskin.ch\\\/wp-content\\\/uploads\\\/2025\\\/10\\\/Design-sans-titre.jpg\",\"contentUrl\":\"https:\\\/\\\/newlifeskin.ch\\\/wp-content\\\/uploads\\\/2025\\\/10\\\/Design-sans-titre.jpg\",\"width\":1920,\"height\":1080,\"caption\":\"D\u00e9tatouage au laser\"},{\"@type\":\"BreadcrumbList\",\"@id\":\"https:\\\/\\\/newlifeskin.ch\\\/page-daccueil\\\/detatouage\\\/#breadcrumb\",\"itemListElement\":[{\"@type\":\"ListItem\",\"position\":1,\"name\":\"Accueil\",\"item\":\"https:\\\/\\\/newlifeskin.ch\\\/\"},{\"@type\":\"ListItem\",\"position\":2,\"name\":\"Page d&rsquo;accueil\",\"item\":\"https:\\\/\\\/newlifeskin.ch\\\/\"},{\"@type\":\"ListItem\",\"position\":3,\"name\":\"D\u00e9tatouage\"}]},{\"@type\":\"WebSite\",\"@id\":\"https:\\\/\\\/newlifeskin.ch\\\/#website\",\"url\":\"https:\\\/\\\/newlifeskin.ch\\\/\",\"name\":\"New life skin\",\"description\":\"La solution simple pour une peau lisse et belle\",\"publisher\":{\"@id\":\"https:\\\/\\\/newlifeskin.ch\\\/#organization\"},\"potentialAction\":[{\"@type\":\"SearchAction\",\"target\":{\"@type\":\"EntryPoint\",\"urlTemplate\":\"https:\\\/\\\/newlifeskin.ch\\\/?s={search_term_string}\"},\"query-input\":{\"@type\":\"PropertyValueSpecification\",\"valueRequired\":true,\"valueName\":\"search_term_string\"}}],\"inLanguage\":\"de-CH\"},{\"@type\":\"Organization\",\"@id\":\"https:\\\/\\\/newlifeskin.ch\\\/#organization\",\"name\":\"New life skin\",\"url\":\"https:\\\/\\\/newlifeskin.ch\\\/\",\"logo\":{\"@type\":\"ImageObject\",\"inLanguage\":\"de-CH\",\"@id\":\"https:\\\/\\\/newlifeskin.ch\\\/#\\\/schema\\\/logo\\\/image\\\/\",\"url\":\"https:\\\/\\\/newlifeskin.ch\\\/wp-content\\\/uploads\\\/2025\\\/10\\\/newlifeskin.ch_.png\",\"contentUrl\":\"https:\\\/\\\/newlifeskin.ch\\\/wp-content\\\/uploads\\\/2025\\\/10\\\/newlifeskin.ch_.png\",\"width\":2000,\"height\":1000,\"caption\":\"New life skin\"},\"image\":{\"@id\":\"https:\\\/\\\/newlifeskin.ch\\\/#\\\/schema\\\/logo\\\/image\\\/\"},\"sameAs\":[\"https:\\\/\\\/www.instagram.com\\\/newlifeskin_farvagny\\\/\"]}]}<\/script>\n<!-- \/ Yoast SEO plugin. -->","yoast_head_json":{"title":"D\u00e9tatouage au laser \u2013 Retrouver une peau naturelle","description":"Effacez vos tatouages en douceur avec le laser Renpico CXL. Moins de douleur, plus d\u2019efficacit\u00e9, pour une peau nette et naturelle.","robots":{"index":"index","follow":"follow","max-snippet":"max-snippet:-1","max-image-preview":"max-image-preview:large","max-video-preview":"max-video-preview:-1"},"canonical":"https:\/\/newlifeskin.ch\/de\/page-daccueil\/detatouage\/","og_locale":"de_DE","og_type":"article","og_title":"D\u00e9tatouage au laser \u2013 Retrouver une peau naturelle","og_description":"Effacez vos tatouages en douceur avec le laser Renpico CXL. Moins de douleur, plus d\u2019efficacit\u00e9, pour une peau nette et naturelle.","og_url":"https:\/\/newlifeskin.ch\/de\/page-daccueil\/detatouage\/","og_site_name":"New life skin","article_modified_time":"2025-10-22T16:37:22+00:00","og_image":[{"width":1920,"height":1080,"url":"https:\/\/newlifeskin.ch\/wp-content\/uploads\/2025\/10\/Design-sans-titre.jpg","type":"image\/jpeg"}],"twitter_card":"summary_large_image","twitter_misc":{"Est. reading time":"2\u00a0Minuten"},"schema":{"@context":"https:\/\/schema.org","@graph":[{"@type":"WebPage","@id":"https:\/\/newlifeskin.ch\/page-daccueil\/detatouage\/","url":"https:\/\/newlifeskin.ch\/page-daccueil\/detatouage\/","name":"D\u00e9tatouage au laser \u2013 Retrouver une peau naturelle","isPartOf":{"@id":"https:\/\/newlifeskin.ch\/#website"},"primaryImageOfPage":{"@id":"https:\/\/newlifeskin.ch\/page-daccueil\/detatouage\/#primaryimage"},"image":{"@id":"https:\/\/newlifeskin.ch\/page-daccueil\/detatouage\/#primaryimage"},"thumbnailUrl":"https:\/\/newlifeskin.ch\/wp-content\/uploads\/2025\/10\/Design-sans-titre.jpg","datePublished":"2025-10-20T11:33:44+00:00","dateModified":"2025-10-22T16:37:22+00:00","description":"Effacez vos tatouages en douceur avec le laser Renpico CXL. Moins de douleur, plus d\u2019efficacit\u00e9, pour une peau nette et naturelle.","breadcrumb":{"@id":"https:\/\/newlifeskin.ch\/page-daccueil\/detatouage\/#breadcrumb"},"inLanguage":"de-CH","potentialAction":[{"@type":"ReadAction","target":["https:\/\/newlifeskin.ch\/page-daccueil\/detatouage\/"]}]},{"@type":"ImageObject","inLanguage":"de-CH","@id":"https:\/\/newlifeskin.ch\/page-daccueil\/detatouage\/#primaryimage","url":"https:\/\/newlifeskin.ch\/wp-content\/uploads\/2025\/10\/Design-sans-titre.jpg","contentUrl":"https:\/\/newlifeskin.ch\/wp-content\/uploads\/2025\/10\/Design-sans-titre.jpg","width":1920,"height":1080,"caption":"D\u00e9tatouage au laser"},{"@type":"BreadcrumbList","@id":"https:\/\/newlifeskin.ch\/page-daccueil\/detatouage\/#breadcrumb","itemListElement":[{"@type":"ListItem","position":1,"name":"Accueil","item":"https:\/\/newlifeskin.ch\/"},{"@type":"ListItem","position":2,"name":"Page d&rsquo;accueil","item":"https:\/\/newlifeskin.ch\/"},{"@type":"ListItem","position":3,"name":"D\u00e9tatouage"}]},{"@type":"WebSite","@id":"https:\/\/newlifeskin.ch\/#website","url":"https:\/\/newlifeskin.ch\/","name":"New life skin","description":"La solution simple pour une peau lisse et belle","publisher":{"@id":"https:\/\/newlifeskin.ch\/#organization"},"potentialAction":[{"@type":"SearchAction","target":{"@type":"EntryPoint","urlTemplate":"https:\/\/newlifeskin.ch\/?s={search_term_string}"},"query-input":{"@type":"PropertyValueSpecification","valueRequired":true,"valueName":"search_term_string"}}],"inLanguage":"de-CH"},{"@type":"Organization","@id":"https:\/\/newlifeskin.ch\/#organization","name":"New life skin","url":"https:\/\/newlifeskin.ch\/","logo":{"@type":"ImageObject","inLanguage":"de-CH","@id":"https:\/\/newlifeskin.ch\/#\/schema\/logo\/image\/","url":"https:\/\/newlifeskin.ch\/wp-content\/uploads\/2025\/10\/newlifeskin.ch_.png","contentUrl":"https:\/\/newlifeskin.ch\/wp-content\/uploads\/2025\/10\/newlifeskin.ch_.png","width":2000,"height":1000,"caption":"New life skin"},"image":{"@id":"https:\/\/newlifeskin.ch\/#\/schema\/logo\/image\/"},"sameAs":["https:\/\/www.instagram.com\/newlifeskin_farvagny\/"]}]}},"_links":{"self":[{"href":"https:\/\/newlifeskin.ch\/de\/wp-json\/wp\/v2\/pages\/33","targetHints":{"allow":["GET"]}}],"collection":[{"href":"https:\/\/newlifeskin.ch\/de\/wp-json\/wp\/v2\/pages"}],"about":[{"href":"https:\/\/newlifeskin.ch\/de\/wp-json\/wp\/v2\/types\/page"}],"author":[{"embeddable":true,"href":"https:\/\/newlifeskin.ch\/de\/wp-json\/wp\/v2\/users\/1"}],"replies":[{"embeddable":true,"href":"https:\/\/newlifeskin.ch\/de\/wp-json\/wp\/v2\/comments?post=33"}],"version-history":[{"count":49,"href":"https:\/\/newlifeskin.ch\/de\/wp-json\/wp\/v2\/pages\/33\/revisions"}],"predecessor-version":[{"id":321,"href":"https:\/\/newlifeskin.ch\/de\/wp-json\/wp\/v2\/pages\/33\/revisions\/321"}],"up":[{"embeddable":true,"href":"https:\/\/newlifeskin.ch\/de\/wp-json\/wp\/v2\/pages\/2"}],"wp:featuredmedia":[{"embeddable":true,"href":"https:\/\/newlifeskin.ch\/de\/wp-json\/wp\/v2\/media\/161"}],"wp:attachment":[{"href":"https:\/\/newlifeskin.ch\/de\/wp-json\/wp\/v2\/media?parent=33"}],"curies":[{"name":"wp","href":"https:\/\/api.w.org\/{rel}","templated":true}]}}