{"id":31,"date":"2025-10-20T11:33:48","date_gmt":"2025-10-20T11:33:48","guid":{"rendered":"https:\/\/newlifeskin.ch\/?page_id=31"},"modified":"2025-10-22T16:38:42","modified_gmt":"2025-10-22T16:38:42","slug":"epilation-definitive","status":"publish","type":"page","link":"https:\/\/newlifeskin.ch\/de\/page-daccueil\/epilation-definitive\/","title":{"rendered":"Dauerhafte Haarentfernung"},"content":{"rendered":"<div data-elementor-type=\"wp-page\" data-elementor-id=\"31\" class=\"elementor elementor-31\" data-elementor-post-type=\"page\">\n\t\t\t\t<div class=\"elementor-element elementor-element-70ecc1b e-flex e-con-boxed e-con e-parent\" data-id=\"70ecc1b\" data-element_type=\"container\" data-e-type=\"container\">\n\t\t\t\t\t<div class=\"e-con-inner\">\n\t\t<div class=\"elementor-element elementor-element-1115b6a e-con-full e-flex e-con e-child\" data-id=\"1115b6a\" data-element_type=\"container\" data-e-type=\"container\">\n\t\t<div class=\"elementor-element elementor-element-2edea29 e-con-full e-flex e-con e-child\" data-id=\"2edea29\" data-element_type=\"container\" data-e-type=\"container\">\n\t\t\t\t<div class=\"elementor-element elementor-element-5d305cc elementor-widget elementor-widget-heading\" data-id=\"5d305cc\" data-element_type=\"widget\" data-e-type=\"widget\" data-widget_type=\"heading.default\">\n\t\t\t\t\t<h2 class=\"elementor-heading-title elementor-size-default\">Dauerhafte Haarentfernung<\/h2>\t\t\t\t<\/div>\n\t\t\t\t<div class=\"elementor-element elementor-element-266110a elementor-widget-divider--view-line elementor-widget elementor-widget-divider\" data-id=\"266110a\" data-element_type=\"widget\" data-e-type=\"widget\" data-widget_type=\"divider.default\">\n\t\t\t\t\t\t\t<div class=\"elementor-divider\">\n\t\t\t<span class=\"elementor-divider-separator\">\n\t\t\t\t\t\t<\/span>\n\t\t<\/div>\n\t\t\t\t\t\t<\/div>\n\t\t\t\t<\/div>\n\t\t<div class=\"elementor-element elementor-element-69cc202 e-con-full e-flex e-con e-child\" data-id=\"69cc202\" data-element_type=\"container\" data-e-type=\"container\" data-settings=\"{&quot;background_background&quot;:&quot;classic&quot;}\">\n\t\t\t\t<\/div>\n\t\t\t\t<\/div>\n\t\t\t\t<div class=\"elementor-element elementor-element-ca19c50 elementor-widget elementor-widget-spacer\" data-id=\"ca19c50\" data-element_type=\"widget\" data-e-type=\"widget\" data-widget_type=\"spacer.default\">\n\t\t\t\t\t\t\t<div class=\"elementor-spacer\">\n\t\t\t<div class=\"elementor-spacer-inner\"><\/div>\n\t\t<\/div>\n\t\t\t\t\t\t<\/div>\n\t\t<div class=\"elementor-element elementor-element-9826b27 e-con-full e-flex e-con e-child\" data-id=\"9826b27\" data-element_type=\"container\" data-e-type=\"container\">\n\t\t<div class=\"elementor-element elementor-element-96dfcd8 e-con-full e-flex e-con e-child\" data-id=\"96dfcd8\" data-element_type=\"container\" data-e-type=\"container\">\n\t\t\t\t<div class=\"elementor-element elementor-element-c6e2fd9 elementor-widget elementor-widget-heading\" data-id=\"c6e2fd9\" data-element_type=\"widget\" data-e-type=\"widget\" data-widget_type=\"heading.default\">\n\t\t\t\t\t<h2 class=\"elementor-heading-title elementor-size-default\">Die effektivste Technologie f\u00fcr eine glatte und langanhaltend sch\u00f6ne Haut\n<\/h2>\t\t\t\t<\/div>\n\t\t\t\t<div class=\"elementor-element elementor-element-37f7dcc elementor-widget-divider--view-line elementor-widget elementor-widget-divider\" data-id=\"37f7dcc\" data-element_type=\"widget\" data-e-type=\"widget\" data-widget_type=\"divider.default\">\n\t\t\t\t\t\t\t<div class=\"elementor-divider\">\n\t\t\t<span class=\"elementor-divider-separator\">\n\t\t\t\t\t\t<\/span>\n\t\t<\/div>\n\t\t\t\t\t\t<\/div>\n\t\t\t\t<div class=\"elementor-element elementor-element-28c095b elementor-widget elementor-widget-spacer\" data-id=\"28c095b\" data-element_type=\"widget\" data-e-type=\"widget\" data-widget_type=\"spacer.default\">\n\t\t\t\t\t\t\t<div class=\"elementor-spacer\">\n\t\t\t<div class=\"elementor-spacer-inner\"><\/div>\n\t\t<\/div>\n\t\t\t\t\t\t<\/div>\n\t\t\t\t<div class=\"elementor-element elementor-element-ce74a7a elementor-widget elementor-widget-text-editor\" data-id=\"ce74a7a\" data-element_type=\"widget\" data-e-type=\"widget\" data-widget_type=\"text-editor.default\">\n\t\t\t\t\t\t\t\t\t<p>Die Diodenlaser-Haarentfernung ist die einzige wirksame L\u00f6sung, um unerw\u00fcnschte Haare dauerhaft zu reduzieren. Die Technologie zielt mithilfe eines speziellen Lichts direkt auf den Haarfollikel ab und schw\u00e4cht das Haar an der Wurzel. Ergebnis: eine schrittweise und dauerhafte Reduzierung der Behaarung, ohne invasiven Eingriff und mit hoher Pr\u00e4zision.<\/p><p>Haare folgen einem nat\u00fcrlichen Zyklus, der von einigen Monaten bis zu mehreren Jahren dauern kann. Sie wachsen, altern und fallen aus, bevor sie erneut nachwachsen. Der Laser wirkt nur w\u00e4hrend der Wachstumsphase, wenn die Haarwurzel Melanin (das dunkle Pigment) enth\u00e4lt. Dieses Melanin nimmt das Laserlicht auf und erm\u00f6glicht die Zerst\u00f6rung des Haarfollikels. Da sich nicht alle Haare gleichzeitig im gleichen Stadium befinden, k\u00f6nnen pro Sitzung nur etwa 10 bis 30 % der Haare entfernt werden. Deshalb sind mehrere Sitzungen notwendig, um ein dauerhaftes und gleichm\u00e4\u00dfiges Ergebnis zu erzielen.<\/p>\t\t\t\t\t\t\t\t<\/div>\n\t\t\t\t<\/div>\n\t\t<div class=\"elementor-element elementor-element-a0d4668 e-con-full e-flex e-con e-child\" data-id=\"a0d4668\" data-element_type=\"container\" data-e-type=\"container\">\n\t\t\t\t<div class=\"elementor-element elementor-element-b1e269b elementor-widget elementor-widget-heading\" data-id=\"b1e269b\" data-element_type=\"widget\" data-e-type=\"widget\" data-widget_type=\"heading.default\">\n\t\t\t\t\t<h2 class=\"elementor-heading-title elementor-size-default\">Erforderliche Sitzungen\n<\/h2>\t\t\t\t<\/div>\n\t\t\t\t<div class=\"elementor-element elementor-element-e1ead3e elementor-widget-divider--view-line elementor-widget elementor-widget-divider\" data-id=\"e1ead3e\" data-element_type=\"widget\" data-e-type=\"widget\" data-widget_type=\"divider.default\">\n\t\t\t\t\t\t\t<div class=\"elementor-divider\">\n\t\t\t<span class=\"elementor-divider-separator\">\n\t\t\t\t\t\t<\/span>\n\t\t<\/div>\n\t\t\t\t\t\t<\/div>\n\t\t\t\t<div class=\"elementor-element elementor-element-f8735b5 elementor-widget elementor-widget-spacer\" data-id=\"f8735b5\" data-element_type=\"widget\" data-e-type=\"widget\" data-widget_type=\"spacer.default\">\n\t\t\t\t\t\t\t<div class=\"elementor-spacer\">\n\t\t\t<div class=\"elementor-spacer-inner\"><\/div>\n\t\t<\/div>\n\t\t\t\t\t\t<\/div>\n\t\t\t\t<div class=\"elementor-element elementor-element-54f8a29 elementor-icon-list--layout-traditional elementor-list-item-link-full_width elementor-widget elementor-widget-icon-list\" data-id=\"54f8a29\" data-element_type=\"widget\" data-e-type=\"widget\" data-widget_type=\"icon-list.default\">\n\t\t\t\t\t\t\t<ul class=\"elementor-icon-list-items\">\n\t\t\t\t\t\t\t<li class=\"elementor-icon-list-item\">\n\t\t\t\t\t\t\t\t\t\t<span class=\"elementor-icon-list-text\">Achseln, Bikinizone, Beine: etwa 4 bis 8 Sitzungen<\/span>\n\t\t\t\t\t\t\t\t\t<\/li>\n\t\t\t\t\t\t\t\t<li class=\"elementor-icon-list-item\">\n\t\t\t\t\t\t\t\t\t\t<span class=\"elementor-icon-list-text\">Oberlippe, Kinn: etwa 6 bis 10 Sitzungen<\/span>\n\t\t\t\t\t\t\t\t\t<\/li>\n\t\t\t\t\t\t\t\t<li class=\"elementor-icon-list-item\">\n\t\t\t\t\t\t\t\t\t\t<span class=\"elementor-icon-list-text\">Brust, R\u00fccken (bei M\u00e4nnern): etwa 8 bis 10 Sitzungen<\/span>\n\t\t\t\t\t\t\t\t\t<\/li>\n\t\t\t\t\t\t<\/ul>\n\t\t\t\t\t\t<\/div>\n\t\t\t\t<\/div>\n\t\t<div class=\"elementor-element elementor-element-e69bf29 e-con-full e-flex e-con e-child\" data-id=\"e69bf29\" data-element_type=\"container\" data-e-type=\"container\">\n\t\t\t\t<div class=\"elementor-element elementor-element-2b874d3 elementor-widget elementor-widget-text-editor\" data-id=\"2b874d3\" data-element_type=\"widget\" data-e-type=\"widget\" data-widget_type=\"text-editor.default\">\n\t\t\t\t\t\t\t\t\t<p>Jede Person reagiert unterschiedlich, doch die gro\u00dfe Mehrheit erzielt hervorragende Ergebnisse. Nur etwa 2 bis 3 % der Menschen sind von Natur aus resistent gegen\u00fcber der Behandlung.\u00a0<\/p>\t\t\t\t\t\t\t\t<\/div>\n\t\t\t\t<\/div>\n\t\t<div class=\"elementor-element elementor-element-76bbcc3 e-con-full e-flex e-con e-child\" data-id=\"76bbcc3\" data-element_type=\"container\" data-e-type=\"container\">\n\t\t\t\t<div class=\"elementor-element elementor-element-a0bdb16 elementor-widget elementor-widget-heading\" data-id=\"a0bdb16\" data-element_type=\"widget\" data-e-type=\"widget\" data-widget_type=\"heading.default\">\n\t\t\t\t\t<h2 class=\"elementor-heading-title elementor-size-default\">Vor der Laser-Haarentfernung\n<\/h2>\t\t\t\t<\/div>\n\t\t\t\t<div class=\"elementor-element elementor-element-c1f4de2 elementor-widget-divider--view-line elementor-widget elementor-widget-divider\" data-id=\"c1f4de2\" data-element_type=\"widget\" data-e-type=\"widget\" data-widget_type=\"divider.default\">\n\t\t\t\t\t\t\t<div class=\"elementor-divider\">\n\t\t\t<span class=\"elementor-divider-separator\">\n\t\t\t\t\t\t<\/span>\n\t\t<\/div>\n\t\t\t\t\t\t<\/div>\n\t\t\t\t<div class=\"elementor-element elementor-element-7142702 elementor-widget elementor-widget-spacer\" data-id=\"7142702\" data-element_type=\"widget\" data-e-type=\"widget\" data-widget_type=\"spacer.default\">\n\t\t\t\t\t\t\t<div class=\"elementor-spacer\">\n\t\t\t<div class=\"elementor-spacer-inner\"><\/div>\n\t\t<\/div>\n\t\t\t\t\t\t<\/div>\n\t\t\t\t<div class=\"elementor-element elementor-element-5b144dd elementor-widget elementor-widget-text-editor\" data-id=\"5b144dd\" data-element_type=\"widget\" data-e-type=\"widget\" data-widget_type=\"text-editor.default\">\n\t\t\t\t\t\t\t\t\t<p>Beenden Sie jede Haarentfernung (mit Wachs oder Pinzette) zwei Wochen vorher. Rasieren Sie die zu behandelnde Zone einen Tag vor der Sitzung, au\u00dfer es handelt sich um einen Gesichtsbereich (mit Ausnahme des Bartes bei M\u00e4nnern).<\/p><p>Am Tag des Termins kommen Sie idealerweise frisch geduscht und ohne Creme, Sonnencreme, \u00d6l oder Parfum auf die zu behandelnde Haut aufzutragen.<\/p><p>Kein Sonnenbad vor der Sitzung.<\/p>\t\t\t\t\t\t\t\t<\/div>\n\t\t\t\t<\/div>\n\t\t\t\t<\/div>\n\t\t\t\t<div class=\"elementor-element elementor-element-7ec6a16 elementor-widget elementor-widget-spacer\" data-id=\"7ec6a16\" data-element_type=\"widget\" data-e-type=\"widget\" data-widget_type=\"spacer.default\">\n\t\t\t\t\t\t\t<div class=\"elementor-spacer\">\n\t\t\t<div class=\"elementor-spacer-inner\"><\/div>\n\t\t<\/div>\n\t\t\t\t\t\t<\/div>\n\t\t<div class=\"elementor-element elementor-element-6b95947 e-con-full e-flex e-con e-child\" data-id=\"6b95947\" data-element_type=\"container\" data-e-type=\"container\">\n\t\t<div class=\"elementor-element elementor-element-c3cd8da e-con-full e-flex e-con e-child\" data-id=\"c3cd8da\" data-element_type=\"container\" data-e-type=\"container\">\n\t\t\t\t<div class=\"elementor-element elementor-element-55cdeff elementor-widget elementor-widget-heading\" data-id=\"55cdeff\" data-element_type=\"widget\" data-e-type=\"widget\" data-widget_type=\"heading.default\">\n\t\t\t\t\t<h2 class=\"elementor-heading-title elementor-size-default\">Online-Buchung<\/h2>\t\t\t\t<\/div>\n\t\t\t\t<div class=\"elementor-element elementor-element-bfad545 elementor-widget-divider--view-line elementor-widget elementor-widget-divider\" data-id=\"bfad545\" data-element_type=\"widget\" data-e-type=\"widget\" data-widget_type=\"divider.default\">\n\t\t\t\t\t\t\t<div class=\"elementor-divider\">\n\t\t\t<span class=\"elementor-divider-separator\">\n\t\t\t\t\t\t<\/span>\n\t\t<\/div>\n\t\t\t\t\t\t<\/div>\n\t\t\t\t<div class=\"elementor-element elementor-element-98bd96e elementor-widget elementor-widget-spacer\" data-id=\"98bd96e\" data-element_type=\"widget\" data-e-type=\"widget\" data-widget_type=\"spacer.default\">\n\t\t\t\t\t\t\t<div class=\"elementor-spacer\">\n\t\t\t<div class=\"elementor-spacer-inner\"><\/div>\n\t\t<\/div>\n\t\t\t\t\t\t<\/div>\n\t\t\t\t<div class=\"elementor-element elementor-element-70dac0a elementor-widget elementor-widget-button\" data-id=\"70dac0a\" data-element_type=\"widget\" data-e-type=\"widget\" data-widget_type=\"button.default\">\n\t\t\t\t\t\t\t\t\t\t<a class=\"elementor-button elementor-button-link elementor-size-sm\" href=\"https:\/\/www.fresha.com\/fr\/book-now\/new-life-skin-qkz2ho5w\/all-offer?share=true&#038;pId=2686442\" target=\"_blank\">\n\t\t\t\t\t\t<span class=\"elementor-button-content-wrapper\">\n\t\t\t\t\t\t\t\t\t<span class=\"elementor-button-text\">Termin vereinbaren<\/span>\n\t\t\t\t\t<\/span>\n\t\t\t\t\t<\/a>\n\t\t\t\t\t\t\t\t<\/div>\n\t\t\t\t<div class=\"elementor-element elementor-element-29524c7 elementor-widget elementor-widget-spacer\" data-id=\"29524c7\" data-element_type=\"widget\" data-e-type=\"widget\" data-widget_type=\"spacer.default\">\n\t\t\t\t\t\t\t<div class=\"elementor-spacer\">\n\t\t\t<div class=\"elementor-spacer-inner\"><\/div>\n\t\t<\/div>\n\t\t\t\t\t\t<\/div>\n\t\t\t\t<div class=\"elementor-element elementor-element-93c2aaf elementor-widget elementor-widget-spacer\" data-id=\"93c2aaf\" data-element_type=\"widget\" data-e-type=\"widget\" data-widget_type=\"spacer.default\">\n\t\t\t\t\t\t\t<div class=\"elementor-spacer\">\n\t\t\t<div class=\"elementor-spacer-inner\"><\/div>\n\t\t<\/div>\n\t\t\t\t\t\t<\/div>\n\t\t\t\t<div class=\"elementor-element elementor-element-22c96b8 elementor-widget elementor-widget-text-editor\" data-id=\"22c96b8\" data-element_type=\"widget\" data-e-type=\"widget\" data-widget_type=\"text-editor.default\">\n\t\t\t\t\t\t\t\t\t<p>Die erste Beratung ist <strong>KOSTENLOS UND VERPFLICHTEND<\/strong>. Dieses Gespr\u00e4ch erm\u00f6glicht es mir, Ihnen alle notwendigen Informationen f\u00fcr einen reibungslosen Ablauf der Behandlung zu geben, Ihren Hautphototyp genau zu bestimmen und Ihnen ein individuelles Angebot zu erstellen, um eine angepasste, effektive und sichere Betreuung zu gew\u00e4hrleisten.<\/p>\t\t\t\t\t\t\t\t<\/div>\n\t\t\t\t<\/div>\n\t\t\t\t<\/div>\n\t\t\t\t\t<\/div>\n\t\t\t\t<\/div>\n\t\t\t\t<\/div>","protected":false},"excerpt":{"rendered":"<p>La technologie la plus efficace pour une peau lisse et durable L\u2019\u00e9pilation au laser diode est la seule solution efficace pour r\u00e9duire durablement les poils ind\u00e9sirables.\u00a0La technologie cible directement le follicule pileux gr\u00e2ce \u00e0 une lumi\u00e8re sp\u00e9cifique, ce qui permet d\u2019affaiblir le poil \u00e0 la racine. R\u00e9sultat\u00a0: une diminution progressive et permanente de la pilosit\u00e9, [&hellip;]<\/p>\n","protected":false},"author":1,"featured_media":160,"parent":2,"menu_order":0,"comment_status":"closed","ping_status":"closed","template":"elementor_header_footer","meta":{"footnotes":""},"class_list":["post-31","page","type-page","status-publish","has-post-thumbnail","hentry"],"yoast_head":"<!-- This site is optimized with the Yoast SEO plugin v27.3 - https:\/\/yoast.com\/product\/yoast-seo-wordpress\/ -->\n<title>\u00c9pilation d\u00e9finitive au laser \u2013 Peau lisse et durable<\/title>\n<meta name=\"description\" content=\"Obtenez une peau lisse et sans poils gr\u00e2ce au laser diode. R\u00e9sultats durables, confortables et adapt\u00e9s \u00e0 chaque type de peau.\" \/>\n<meta name=\"robots\" content=\"index, follow, max-snippet:-1, max-image-preview:large, max-video-preview:-1\" \/>\n<link rel=\"canonical\" href=\"https:\/\/newlifeskin.ch\/de\/page-daccueil\/epilation-definitive\/\" \/>\n<meta property=\"og:locale\" content=\"de_DE\" \/>\n<meta property=\"og:type\" content=\"article\" \/>\n<meta property=\"og:title\" content=\"\u00c9pilation d\u00e9finitive au laser \u2013 Peau lisse et durable\" \/>\n<meta property=\"og:description\" content=\"Obtenez une peau lisse et sans poils gr\u00e2ce au laser diode. R\u00e9sultats durables, confortables et adapt\u00e9s \u00e0 chaque type de peau.\" \/>\n<meta property=\"og:url\" content=\"https:\/\/newlifeskin.ch\/de\/page-daccueil\/epilation-definitive\/\" \/>\n<meta property=\"og:site_name\" content=\"New life skin\" \/>\n<meta property=\"article:modified_time\" content=\"2025-10-22T16:38:42+00:00\" \/>\n<meta property=\"og:image\" content=\"https:\/\/newlifeskin.ch\/wp-content\/uploads\/2025\/10\/Design-sans-titre-1.jpg\" \/>\n\t<meta property=\"og:image:width\" content=\"1920\" \/>\n\t<meta property=\"og:image:height\" content=\"1080\" \/>\n\t<meta property=\"og:image:type\" content=\"image\/jpeg\" \/>\n<meta name=\"twitter:card\" content=\"summary_large_image\" \/>\n<meta name=\"twitter:label1\" content=\"Gesch\u00e4tzte Lesezeit\" \/>\n\t<meta name=\"twitter:data1\" content=\"2\u00a0Minuten\" \/>\n<script type=\"application\/ld+json\" class=\"yoast-schema-graph\">{\"@context\":\"https:\\\/\\\/schema.org\",\"@graph\":[{\"@type\":\"WebPage\",\"@id\":\"https:\\\/\\\/newlifeskin.ch\\\/page-daccueil\\\/epilation-definitive\\\/\",\"url\":\"https:\\\/\\\/newlifeskin.ch\\\/page-daccueil\\\/epilation-definitive\\\/\",\"name\":\"\u00c9pilation d\u00e9finitive au laser \u2013 Peau lisse et durable\",\"isPartOf\":{\"@id\":\"https:\\\/\\\/newlifeskin.ch\\\/#website\"},\"primaryImageOfPage\":{\"@id\":\"https:\\\/\\\/newlifeskin.ch\\\/page-daccueil\\\/epilation-definitive\\\/#primaryimage\"},\"image\":{\"@id\":\"https:\\\/\\\/newlifeskin.ch\\\/page-daccueil\\\/epilation-definitive\\\/#primaryimage\"},\"thumbnailUrl\":\"https:\\\/\\\/newlifeskin.ch\\\/wp-content\\\/uploads\\\/2025\\\/10\\\/Design-sans-titre-1.jpg\",\"datePublished\":\"2025-10-20T11:33:48+00:00\",\"dateModified\":\"2025-10-22T16:38:42+00:00\",\"description\":\"Obtenez une peau lisse et sans poils gr\u00e2ce au laser diode. R\u00e9sultats durables, confortables et adapt\u00e9s \u00e0 chaque type de peau.\",\"breadcrumb\":{\"@id\":\"https:\\\/\\\/newlifeskin.ch\\\/page-daccueil\\\/epilation-definitive\\\/#breadcrumb\"},\"inLanguage\":\"de-CH\",\"potentialAction\":[{\"@type\":\"ReadAction\",\"target\":[\"https:\\\/\\\/newlifeskin.ch\\\/page-daccueil\\\/epilation-definitive\\\/\"]}]},{\"@type\":\"ImageObject\",\"inLanguage\":\"de-CH\",\"@id\":\"https:\\\/\\\/newlifeskin.ch\\\/page-daccueil\\\/epilation-definitive\\\/#primaryimage\",\"url\":\"https:\\\/\\\/newlifeskin.ch\\\/wp-content\\\/uploads\\\/2025\\\/10\\\/Design-sans-titre-1.jpg\",\"contentUrl\":\"https:\\\/\\\/newlifeskin.ch\\\/wp-content\\\/uploads\\\/2025\\\/10\\\/Design-sans-titre-1.jpg\",\"width\":1920,\"height\":1080,\"caption\":\"\u00c9pilation d\u00e9finitive au laser\"},{\"@type\":\"BreadcrumbList\",\"@id\":\"https:\\\/\\\/newlifeskin.ch\\\/page-daccueil\\\/epilation-definitive\\\/#breadcrumb\",\"itemListElement\":[{\"@type\":\"ListItem\",\"position\":1,\"name\":\"Accueil\",\"item\":\"https:\\\/\\\/newlifeskin.ch\\\/\"},{\"@type\":\"ListItem\",\"position\":2,\"name\":\"Page d&rsquo;accueil\",\"item\":\"https:\\\/\\\/newlifeskin.ch\\\/\"},{\"@type\":\"ListItem\",\"position\":3,\"name\":\"\u00c9pilation d\u00e9finitive\"}]},{\"@type\":\"WebSite\",\"@id\":\"https:\\\/\\\/newlifeskin.ch\\\/#website\",\"url\":\"https:\\\/\\\/newlifeskin.ch\\\/\",\"name\":\"New life skin\",\"description\":\"La solution simple pour une peau lisse et belle\",\"publisher\":{\"@id\":\"https:\\\/\\\/newlifeskin.ch\\\/#organization\"},\"potentialAction\":[{\"@type\":\"SearchAction\",\"target\":{\"@type\":\"EntryPoint\",\"urlTemplate\":\"https:\\\/\\\/newlifeskin.ch\\\/?s={search_term_string}\"},\"query-input\":{\"@type\":\"PropertyValueSpecification\",\"valueRequired\":true,\"valueName\":\"search_term_string\"}}],\"inLanguage\":\"de-CH\"},{\"@type\":\"Organization\",\"@id\":\"https:\\\/\\\/newlifeskin.ch\\\/#organization\",\"name\":\"New life skin\",\"url\":\"https:\\\/\\\/newlifeskin.ch\\\/\",\"logo\":{\"@type\":\"ImageObject\",\"inLanguage\":\"de-CH\",\"@id\":\"https:\\\/\\\/newlifeskin.ch\\\/#\\\/schema\\\/logo\\\/image\\\/\",\"url\":\"https:\\\/\\\/newlifeskin.ch\\\/wp-content\\\/uploads\\\/2025\\\/10\\\/newlifeskin.ch_.png\",\"contentUrl\":\"https:\\\/\\\/newlifeskin.ch\\\/wp-content\\\/uploads\\\/2025\\\/10\\\/newlifeskin.ch_.png\",\"width\":2000,\"height\":1000,\"caption\":\"New life skin\"},\"image\":{\"@id\":\"https:\\\/\\\/newlifeskin.ch\\\/#\\\/schema\\\/logo\\\/image\\\/\"},\"sameAs\":[\"https:\\\/\\\/www.instagram.com\\\/newlifeskin_farvagny\\\/\"]}]}<\/script>\n<!-- \/ Yoast SEO plugin. -->","yoast_head_json":{"title":"\u00c9pilation d\u00e9finitive au laser \u2013 Peau lisse et durable","description":"Obtenez une peau lisse et sans poils gr\u00e2ce au laser diode. R\u00e9sultats durables, confortables et adapt\u00e9s \u00e0 chaque type de peau.","robots":{"index":"index","follow":"follow","max-snippet":"max-snippet:-1","max-image-preview":"max-image-preview:large","max-video-preview":"max-video-preview:-1"},"canonical":"https:\/\/newlifeskin.ch\/de\/page-daccueil\/epilation-definitive\/","og_locale":"de_DE","og_type":"article","og_title":"\u00c9pilation d\u00e9finitive au laser \u2013 Peau lisse et durable","og_description":"Obtenez une peau lisse et sans poils gr\u00e2ce au laser diode. R\u00e9sultats durables, confortables et adapt\u00e9s \u00e0 chaque type de peau.","og_url":"https:\/\/newlifeskin.ch\/de\/page-daccueil\/epilation-definitive\/","og_site_name":"New life skin","article_modified_time":"2025-10-22T16:38:42+00:00","og_image":[{"width":1920,"height":1080,"url":"https:\/\/newlifeskin.ch\/wp-content\/uploads\/2025\/10\/Design-sans-titre-1.jpg","type":"image\/jpeg"}],"twitter_card":"summary_large_image","twitter_misc":{"Gesch\u00e4tzte Lesezeit":"2\u00a0Minuten"},"schema":{"@context":"https:\/\/schema.org","@graph":[{"@type":"WebPage","@id":"https:\/\/newlifeskin.ch\/page-daccueil\/epilation-definitive\/","url":"https:\/\/newlifeskin.ch\/page-daccueil\/epilation-definitive\/","name":"\u00c9pilation d\u00e9finitive au laser \u2013 Peau lisse et durable","isPartOf":{"@id":"https:\/\/newlifeskin.ch\/#website"},"primaryImageOfPage":{"@id":"https:\/\/newlifeskin.ch\/page-daccueil\/epilation-definitive\/#primaryimage"},"image":{"@id":"https:\/\/newlifeskin.ch\/page-daccueil\/epilation-definitive\/#primaryimage"},"thumbnailUrl":"https:\/\/newlifeskin.ch\/wp-content\/uploads\/2025\/10\/Design-sans-titre-1.jpg","datePublished":"2025-10-20T11:33:48+00:00","dateModified":"2025-10-22T16:38:42+00:00","description":"Obtenez une peau lisse et sans poils gr\u00e2ce au laser diode. R\u00e9sultats durables, confortables et adapt\u00e9s \u00e0 chaque type de peau.","breadcrumb":{"@id":"https:\/\/newlifeskin.ch\/page-daccueil\/epilation-definitive\/#breadcrumb"},"inLanguage":"de-CH","potentialAction":[{"@type":"ReadAction","target":["https:\/\/newlifeskin.ch\/page-daccueil\/epilation-definitive\/"]}]},{"@type":"ImageObject","inLanguage":"de-CH","@id":"https:\/\/newlifeskin.ch\/page-daccueil\/epilation-definitive\/#primaryimage","url":"https:\/\/newlifeskin.ch\/wp-content\/uploads\/2025\/10\/Design-sans-titre-1.jpg","contentUrl":"https:\/\/newlifeskin.ch\/wp-content\/uploads\/2025\/10\/Design-sans-titre-1.jpg","width":1920,"height":1080,"caption":"\u00c9pilation d\u00e9finitive au laser"},{"@type":"BreadcrumbList","@id":"https:\/\/newlifeskin.ch\/page-daccueil\/epilation-definitive\/#breadcrumb","itemListElement":[{"@type":"ListItem","position":1,"name":"Accueil","item":"https:\/\/newlifeskin.ch\/"},{"@type":"ListItem","position":2,"name":"Page d&rsquo;accueil","item":"https:\/\/newlifeskin.ch\/"},{"@type":"ListItem","position":3,"name":"\u00c9pilation d\u00e9finitive"}]},{"@type":"WebSite","@id":"https:\/\/newlifeskin.ch\/#website","url":"https:\/\/newlifeskin.ch\/","name":"New life skin","description":"La solution simple pour une peau lisse et belle","publisher":{"@id":"https:\/\/newlifeskin.ch\/#organization"},"potentialAction":[{"@type":"SearchAction","target":{"@type":"EntryPoint","urlTemplate":"https:\/\/newlifeskin.ch\/?s={search_term_string}"},"query-input":{"@type":"PropertyValueSpecification","valueRequired":true,"valueName":"search_term_string"}}],"inLanguage":"de-CH"},{"@type":"Organization","@id":"https:\/\/newlifeskin.ch\/#organization","name":"New life skin","url":"https:\/\/newlifeskin.ch\/","logo":{"@type":"ImageObject","inLanguage":"de-CH","@id":"https:\/\/newlifeskin.ch\/#\/schema\/logo\/image\/","url":"https:\/\/newlifeskin.ch\/wp-content\/uploads\/2025\/10\/newlifeskin.ch_.png","contentUrl":"https:\/\/newlifeskin.ch\/wp-content\/uploads\/2025\/10\/newlifeskin.ch_.png","width":2000,"height":1000,"caption":"New life skin"},"image":{"@id":"https:\/\/newlifeskin.ch\/#\/schema\/logo\/image\/"},"sameAs":["https:\/\/www.instagram.com\/newlifeskin_farvagny\/"]}]}},"_links":{"self":[{"href":"https:\/\/newlifeskin.ch\/de\/wp-json\/wp\/v2\/pages\/31","targetHints":{"allow":["GET"]}}],"collection":[{"href":"https:\/\/newlifeskin.ch\/de\/wp-json\/wp\/v2\/pages"}],"about":[{"href":"https:\/\/newlifeskin.ch\/de\/wp-json\/wp\/v2\/types\/page"}],"author":[{"embeddable":true,"href":"https:\/\/newlifeskin.ch\/de\/wp-json\/wp\/v2\/users\/1"}],"replies":[{"embeddable":true,"href":"https:\/\/newlifeskin.ch\/de\/wp-json\/wp\/v2\/comments?post=31"}],"version-history":[{"count":28,"href":"https:\/\/newlifeskin.ch\/de\/wp-json\/wp\/v2\/pages\/31\/revisions"}],"predecessor-version":[{"id":324,"href":"https:\/\/newlifeskin.ch\/de\/wp-json\/wp\/v2\/pages\/31\/revisions\/324"}],"up":[{"embeddable":true,"href":"https:\/\/newlifeskin.ch\/de\/wp-json\/wp\/v2\/pages\/2"}],"wp:featuredmedia":[{"embeddable":true,"href":"https:\/\/newlifeskin.ch\/de\/wp-json\/wp\/v2\/media\/160"}],"wp:attachment":[{"href":"https:\/\/newlifeskin.ch\/de\/wp-json\/wp\/v2\/media?parent=31"}],"curies":[{"name":"wp","href":"https:\/\/api.w.org\/{rel}","templated":true}]}}